{"id":635,"date":"2021-09-09T16:53:09","date_gmt":"2021-09-09T14:53:09","guid":{"rendered":"https:\/\/www.campingdeserrette.com\/?page_id=635"},"modified":"2026-04-09T09:24:51","modified_gmt":"2026-04-09T07:24:51","slug":"faq","status":"publish","type":"page","link":"https:\/\/www.campingdeserrette.com\/en\/faq\/","title":{"rendered":"FAQ"},"content":{"rendered":"<div class=\"wp-block-columns is-layout-flex wp-container-core-columns-is-layout-9d6595d7 wp-block-columns-is-layout-flex\">\n<div class=\"wp-block-column is-layout-flow wp-block-column-is-layout-flow\">\n<h2 class=\"wp-block-heading\"><strong>How do I book?<\/strong><\/h2>\n\n\n\n<p>Online at www.campingdeserrette.com<br>By post to : <a href=\"\/en\/\">Camping de Serrette<\/a>lieu-dit Serrette 63790 Chambon sur Lac<br>By telephone +33 (0)4.73.88.67.67.<br>The booking is final on receipt of the first payment. The deposit is 30% of the rental amount + booking fees + supplement(s). If you book by post and we are fully booked, we will make you a counter-offer by return of post or by telephone.<\/p>\n\n\n\n<h2 class=\"wp-block-heading\"><strong>When can I pay for my holiday?<\/strong><\/h2>\n\n\n\n<p>The balance of your stay must be paid 1 month before your arrival for rental accommodation and on arrival for pitches. If you book a rental less than 30 days before your arrival, you must pay the full amount when you book accommodation.<br>Is it possible to change my stay?<br>Bookings can only be changed on receipt of written notification from the customer (by e-mail or post) and subject to the availability and agreement of the management.<\/p>\n\n\n\n<h2 class=\"wp-block-heading\"><strong>What payment methods are available?<\/strong><\/h2>\n\n\n\n<p>Credit card or bank cheque on the www.campingdeserrette.com website.<br>Bank cheques payable to SARL Oslo + Camping de Serrette<br>ANCV on balance only. Please note Payment by holiday vouchers is accepted, but without detaching the stubs. The name of the holder and contact details must be indicated on each cheque.<br>Cash, cheque, bank card, ANCV, for the balance...<\/p>\n<\/div>\n\n\n\n<div class=\"wp-block-column is-layout-flow wp-block-column-is-layout-flow\">\n<h2 class=\"wp-block-heading\"><strong>Can I reserve a particular location?<\/strong><\/h2>\n\n\n\n<p>We take note of your wishes and try to accommodate them. However, we cannot guarantee you a specific pitch in advance.<br>How many people are allowed on a pitch and\/or mobile home?<br>Sleeps 6, pitches for tents, caravans and motorhomes.<br>1 to 6 people (depending on the type of accommodation) in rental accommodation.<br>However, in both cases, the number of people may not be exceeded. A baby counts as one person. You must provide us with the surname, first name and date of birth of each participant.<\/p>\n\n\n\n<h2 class=\"wp-block-heading\"><strong>Are pets allowed?<\/strong><\/h2>\n\n\n\n<p>We <a href=\"https:\/\/www.campingdeserrette.com\/en\/espace-chien-camping\/\">we accept one pet<\/a> per pitch with a supplement (see price list). Please note that 1st and 2nd category dogs are strictly forbidden in our establishment by ministerial decree. Don't forget to present your dog's vaccination certificate on arrival (vaccinations and tattoos compulsory).<\/p>\n\n\n\n<h2 class=\"wp-block-heading\"><strong>What are the conditions of access to the pool?<\/strong><\/h2>\n\n\n\n<p>Access to the <a href=\"https:\/\/www.campingdeserrette.com\/en\/camping-auvergne-piscine-couverte-chauffee-sauna\/\" data-type=\"page\" data-id=\"52\">pool<\/a> is reserved exclusively for campsite guests, in accordance with the campsite rules. Shorts, bathing dresses, etc. are strictly forbidden.<br>Are barbecues allowed?<br>Electric barbecues are not permitted on our campsite. Charcoal barbecues are available for hire and must be booked in advance.<\/p>\n\n\n\n<h2 class=\"wp-block-heading\"><strong>Is there wifi access?<\/strong><\/h2>\n\n\n\n<p>The Serrette campsite is equipped with a wifi connection (partial coverage around reception).<br>What are the arrival and departure times?<br>Arrivals are from 2pm for pitches and 4pm for rentals. Departures are before 10am for rentals and before 11am for pitches.<\/p>\n<\/div>\n<\/div>","protected":false},"excerpt":{"rendered":"<p>Comment r\u00e9server ? Par Internet sur www.campingdeserrette.comPar courrier \u00e0&nbsp;: Camping de Serrette, lieu-dit Serrette 63790 Chambon sur LacPar t\u00e9l\u00e9phone +33 (0)4.73.88.67.67.La r\u00e9servation est d\u00e9finitive d\u00e8s r\u00e9ception du premier versement. L\u2019acompte est de 30% du montant de la location + frais de dossier + suppl\u00e9ment(s). En cas de r\u00e9servation par courrier, si nous sommes complets, nous [&hellip;]<\/p>\n","protected":false},"author":1,"featured_media":0,"parent":0,"menu_order":0,"comment_status":"closed","ping_status":"closed","template":"","meta":{"_seopress_robots_primary_cat":"","_seopress_titles_title":"Foire aux Questions du camping de Serrette dans le Puy de Dome","_seopress_titles_desc":"Retrouvez toutes les r\u00e9ponses \u00e0 vos questions sur cette page. Camping 3 \u00e9toiles situ\u00e9 dans le Puy de D\u00f4me avec piscine couverte","_seopress_robots_index":"","footnotes":""},"class_list":["post-635","page","type-page","status-publish","hentry"],"_links":{"self":[{"href":"https:\/\/www.campingdeserrette.com\/en\/wp-json\/wp\/v2\/pages\/635","targetHints":{"allow":["GET"]}}],"collection":[{"href":"https:\/\/www.campingdeserrette.com\/en\/wp-json\/wp\/v2\/pages"}],"about":[{"href":"https:\/\/www.campingdeserrette.com\/en\/wp-json\/wp\/v2\/types\/page"}],"author":[{"embeddable":true,"href":"https:\/\/www.campingdeserrette.com\/en\/wp-json\/wp\/v2\/users\/1"}],"replies":[{"embeddable":true,"href":"https:\/\/www.campingdeserrette.com\/en\/wp-json\/wp\/v2\/comments?post=635"}],"version-history":[{"count":7,"href":"https:\/\/www.campingdeserrette.com\/en\/wp-json\/wp\/v2\/pages\/635\/revisions"}],"predecessor-version":[{"id":4915,"href":"https:\/\/www.campingdeserrette.com\/en\/wp-json\/wp\/v2\/pages\/635\/revisions\/4915"}],"wp:attachment":[{"href":"https:\/\/www.campingdeserrette.com\/en\/wp-json\/wp\/v2\/media?parent=635"}],"curies":[{"name":"wp","href":"https:\/\/api.w.org\/{rel}","templated":true}]}}