{"id":2,"date":"2021-09-06T14:50:28","date_gmt":"2021-09-06T12:50:28","guid":{"rendered":"https:\/\/www.campingdeserrette.com\/?page_id=2"},"modified":"2026-01-09T16:18:03","modified_gmt":"2026-01-09T15:18:03","slug":"accueil","status":"publish","type":"page","link":"https:\/\/www.campingdeserrette.com\/en\/","title":{"rendered":"Home"},"content":{"rendered":"<h1 class=\"wp-block-heading\">Camping du Puy de D\u00f4me in the heart of the Auvergne volcanoes<\/h1>\n\n\n\n<h2 class=\"wp-block-heading\">Welcome to the Auvergne at the Serrette*** campsite in the Massif du Sancy<\/h2>\n\n\n\n<p class=\"has-text-align-center has-background\" style=\"background-color:#e7f5c7\">To ensure peace and quiet on the campsite, we do not accept groups.<\/p>\n\n\n\n<h2 class=\"wp-block-heading\">The campsite is open :<\/h2>\n\n\n\n<ul class=\"wp-block-list\">\n<li>For the <strong>locations<\/strong>from 11\/05\/2026 to 06\/09\/2026<\/li>\n\n\n\n<li>For the <strong>rentals<\/strong>from 25\/04\/2026 to 19\/09\/2026 with Saturday, Sunday and Wednesday arrivals possible in July and August for some properties.<\/li>\n<\/ul>\n\n\n\n<div class=\"wp-block-columns is-layout-flex wp-container-core-columns-is-layout-9d6595d7 wp-block-columns-is-layout-flex\">\n<div class=\"wp-block-column is-layout-flow wp-block-column-is-layout-flow\">\n<p>Our<strong> 3-star campsite in Puy de D\u00f4me<\/strong> is located on the heights of Chambon sur lac (1000 m altitude) in the Parc des Volcans d'Auvergne. You'll be amazed by the <a href=\"https:\/\/www.campingdeserrette.com\/en\/visites-auvergne-camping\/\" data-type=\"page\" data-id=\"58\">spectacular landscape<\/a> with views of Lake Chambon, Murol Castle and the magnificent scenery of the valley.<\/p>\n\n\n\n<h2 class=\"wp-block-heading\">Mobile homes, chalets and camping pitches for rent in Auvergne<\/h2>\n\n\n\n<p class=\"translation-block\">With our <strong>camping in the Puy de D\u00f4me<\/strong>, we offer you a choice of <a href=\"https:\/\/www.campingdeserrette.com\/en\/hebergements\/\" data-type=\"page\" data-id=\"11\" target=\"_self\">rental accommodation<\/a>, including 25 chalet or mobile home rentals and 50 <a href=\"https:\/\/www.campingdeserrette.com\/en\/emplacements\/\" data-type=\"page\" data-id=\"13\" target=\"_self\">camping pitches<\/a>. You'll never tire of admiring and photographing this beauty, which changes with the weather, the time of day and the location.<\/p>\n\n\n\n<h2 class=\"wp-block-heading\">Campsite in the Puy de D\u00f4me with indoor heated swimming pool<\/h2>\n\n\n\n<p class=\"translation-block\">Enjoy with our <strong>camping in the Puy de D\u00f4me<\/strong>, the <a href=\"https:\/\/www.campingdeserrette.com\/en\/camping-auvergne-piscine-couverte-chauffee-sauna\/\" data-type=\"page\" data-id=\"52\" target=\"_self\">covered and heated swimming pool<\/a>, the sauna area, the children's playground and the games room. On site at reception you'll find a small grocery shop with bread and pastries every day in July and August, a <a href=\"https:\/\/www.campingdeserrette.com\/en\/reception-camping-auvergne\/\" data-type=\"page\" data-id=\"26\" target=\"_self\">bar-brasserie<\/a> with panoramic terrace, ice cream sales and free wifi.<\/p>\n<\/div>\n\n\n\n<div class=\"wp-block-column is-layout-flow wp-block-column-is-layout-flow\">\n<p>As close to nature as possible, in a<strong>&nbsp;calm, family atmosphere, <\/strong>you will discover our&nbsp;<strong>Auvergne-Rhone-Alpes campsite<\/strong>&nbsp;East-south exposure on a hillside with numerous terraced pitches on 3 hectares planted with trees.<\/p>\n\n\n\n<p>We accept dogs: 1 per pitch and rental unit, tattooed and vaccinated.<br><\/p>\n\n\n\n<h2 class=\"wp-block-heading\">Your camping holidays in the Auvergne-Rhone-Alpes region<\/h2>\n\n\n\n<p class=\"translation-block\">Don't wait any longer, come and discover our magnificent Auvergne-Rh\u00f4ne-Alpes region, in the <strong>parc des volcans Auvergne<\/strong>, get together with family or friends, to hike or relax and share pleasant holidays at the Serrette campsite.<\/p>\n\n\n\n<p>See you soon!<\/p>\n\n\n<div class=\"wp-block-image\">\n<figure class=\"aligncenter size-full\"><img loading=\"lazy\" decoding=\"async\" width=\"483\" height=\"218\" src=\"https:\/\/www.campingdeserrette.com\/wp-content\/uploads\/2023\/01\/2023-Camping-de-Serette.png\" alt=\"\" class=\"wp-image-2310\" srcset=\"https:\/\/www.campingdeserrette.com\/wp-content\/uploads\/2023\/01\/2023-Camping-de-Serette.png 483w, https:\/\/www.campingdeserrette.com\/wp-content\/uploads\/2023\/01\/2023-Camping-de-Serette-300x135.png 300w\" sizes=\"auto, (max-width: 483px) 100vw, 483px\" \/><\/figure>\n<\/div><\/div>\n<\/div>\n\n\n\n<section class=\"wp-block-group alignfull front-page-section front-page-section-accueil\"><div class=\"wp-block-group__inner-container is-layout-flow wp-block-group-is-layout-flow\">\n<h2 class=\"wp-block-heading alignfull has-text-align-center\">The campsite<\/h2>\n\n\n\n<div class=\"wp-block-columns alignfull is-layout-flex wp-container-core-columns-is-layout-9d6595d7 wp-block-columns-is-layout-flex\">\n<div class=\"wp-block-column is-layout-flow wp-block-column-is-layout-flow\">\n<div class=\"wp-block-create-block-sevgutenberg\"><a href=\"\/en\/reception-camping-auvergne\/\" class=\"sev-encart card\"><span class=\"card-body\"><span class=\"title-card\">The services<\/span><span class=\"btn-card text-center\"><button class=\"btn\">Find out more<\/button><\/span><\/span><img decoding=\"async\" loading=\"lazy\" src=\"https:\/\/www.campingdeserrette.com\/wp-content\/uploads\/2021\/10\/accueil.jpg\" alt=\"accueil du camping\"\/><div class=\"card-footer\"><span class=\"desc-card\"><\/span><\/div><\/a><\/div>\n<\/div>\n\n\n\n<div class=\"wp-block-column is-layout-flow wp-block-column-is-layout-flow\">\n<div class=\"wp-block-create-block-sevgutenberg\"><a href=\"https:\/\/www.campingdeserrette.com\/en\/le-restaurant-du-camping\/\" class=\"sev-encart card\"><span class=\"card-body\"><span class=\"title-card\">The snack bar<\/span><span class=\"btn-card text-center\"><button class=\"btn\">Find out more<\/button><\/span><\/span><img decoding=\"async\" loading=\"lazy\" src=\"https:\/\/www.campingdeserrette.com\/wp-content\/uploads\/2021\/09\/Panorama-aerien-camping-Serrette-P.A.-COUMES-110-1.jpg\" alt=\"restaurant du camping avec vue sur la vall\u00e9e\"\/><div class=\"card-footer\"><span class=\"desc-card\"><\/span><\/div><\/a><\/div>\n<\/div>\n\n\n\n<div class=\"wp-block-column is-layout-flow wp-block-column-is-layout-flow\">\n<div class=\"wp-block-create-block-sevgutenberg\"><a href=\"\/en\/randonnees\/\" class=\"sev-encart card\"><span class=\"card-body\"><span class=\"title-card\">Hiking<\/span><span class=\"btn-card text-center\"><button class=\"btn\">Find out more<\/button><\/span><\/span><img decoding=\"async\" loading=\"lazy\" src=\"https:\/\/www.campingdeserrette.com\/wp-content\/uploads\/2025\/12\/ca12a8ba76fe91fff1280aa64f63bcda-17018903-1600x900-1.jpg\" alt=\"Randonn\u00e9es en Auvergne\"\/><div class=\"card-footer\"><span class=\"desc-card\"><\/span><\/div><\/a><\/div>\n<\/div>\n\n\n\n<div class=\"wp-block-column is-layout-flow wp-block-column-is-layout-flow\">\n<div class=\"wp-block-create-block-sevgutenberg\"><a href=\"\/en\/espace-chien-camping\/\" class=\"sev-encart card\"><span class=\"card-body\"><span class=\"title-card\">Dog area <\/span><span class=\"btn-card text-center\"><button class=\"btn\">Find out more<\/button><\/span><\/span><img decoding=\"async\" loading=\"lazy\" src=\"https:\/\/www.campingdeserrette.com\/wp-content\/uploads\/2021\/09\/front-espace-chien.jpg\" alt=\"\"\/><div class=\"card-footer\"><span class=\"desc-card\"><\/span><\/div><\/a><\/div>\n<\/div>\n<\/div>\n<\/div><\/section>\n\n\n\n<section class=\"wp-block-group alignfull front-page-section front-page-section-hebergements\"><div class=\"wp-block-group__inner-container is-layout-flow wp-block-group-is-layout-flow\">\n<h2 class=\"wp-block-heading alignfull has-text-align-center\">Accommodation<\/h2>\n\n\n\n<div class=\"wp-block-columns alignwide is-layout-flex wp-container-core-columns-is-layout-9d6595d7 wp-block-columns-is-layout-flex\">\n<div class=\"wp-block-column is-layout-flow wp-block-column-is-layout-flow\">\n<div class=\"wp-block-create-block-sevgutenberg\"><a href=\"https:\/\/www.campingdeserrette.com\/en\/hebergements\/#premium\" class=\"sev-encart card\"><span class=\"card-body\"><span class=\"title-card\">Premium<\/span><span class=\"btn-card text-center\"><button class=\"btn\">Find out more<\/button><\/span><\/span><img decoding=\"async\" loading=\"lazy\" src=\"https:\/\/www.campingdeserrette.com\/wp-content\/uploads\/2023\/04\/Panorama-aerien-camping-Serrette-P.A.-COUMES-26-e1684850502736.jpg\" alt=\"location mobil home en Auvergne\"\/><div class=\"card-footer\"><span class=\"desc-card\"><\/span><\/div><\/a><\/div>\n<\/div>\n\n\n\n<div class=\"wp-block-column is-layout-flow wp-block-column-is-layout-flow\">\n<div class=\"wp-block-create-block-sevgutenberg\"><a href=\"https:\/\/www.campingdeserrette.com\/en\/hebergements\/#confort+\" class=\"sev-encart card\"><span class=\"card-body\"><span class=\"title-card\">Comfort + mobile homes <\/span><span class=\"btn-card text-center\"><button class=\"btn\">Find out more<\/button><\/span><\/span><img decoding=\"async\" loading=\"lazy\" src=\"https:\/\/www.campingdeserrette.com\/wp-content\/uploads\/2022\/10\/TOSCANE-87.3-AUVINET-33-.jpg-1920px.jpg\" alt=\"location vacances familiales\"\/><div class=\"card-footer\"><span class=\"desc-card\"><\/span><\/div><\/a><\/div>\n<\/div>\n\n\n\n<div class=\"wp-block-column is-layout-flow wp-block-column-is-layout-flow\">\n<div class=\"wp-block-create-block-sevgutenberg\"><a href=\"https:\/\/www.campingdeserrette.com\/en\/hebergements\/#confort\" class=\"sev-encart card\"><span class=\"card-body\"><span class=\"title-card\">Comfort mobile homes<\/span><span class=\"btn-card text-center\"><button class=\"btn\">Find out more<\/button><\/span><\/span><img decoding=\"async\" loading=\"lazy\" src=\"https:\/\/www.campingdeserrette.com\/wp-content\/uploads\/2023\/10\/photo-terrasse-mobilhome-4p-1.jpg\" alt=\"Petit camping Chambon sur lac\"\/><div class=\"card-footer\"><span class=\"desc-card\"><\/span><\/div><\/a><\/div>\n<\/div>\n\n\n\n<div class=\"wp-block-column is-layout-flow wp-block-column-is-layout-flow\">\n<div class=\"wp-block-create-block-sevgutenberg\"><a href=\"https:\/\/www.campingdeserrette.com\/en\/hebergements\/#eco\" class=\"sev-encart card\"><span class=\"card-body\"><span class=\"title-card\">Eco<\/span><span class=\"btn-card text-center\"><button class=\"btn\">Find out more<\/button><\/span><\/span><img decoding=\"async\" loading=\"lazy\" src=\"https:\/\/www.campingdeserrette.com\/wp-content\/uploads\/2023\/04\/photo-vacanciale-1.jpg\" alt=\"Camping acceptant les chiens puy de d\u00f4me\"\/><div class=\"card-footer\"><span class=\"desc-card\"><\/span><\/div><\/a><\/div>\n<\/div>\n<\/div>\n\n\n\n<div class=\"wp-block-columns alignwide is-layout-flex wp-container-core-columns-is-layout-9d6595d7 wp-block-columns-is-layout-flex\">\n<div class=\"wp-block-column is-layout-flow wp-block-column-is-layout-flow\" style=\"flex-basis:66.67%\">\n<div class=\"wp-block-create-block-sevgutenberg\"><a href=\"\/en\/emplacements\/\" class=\"sev-encart card\"><span class=\"card-body\"><span class=\"title-card\">Locations<\/span><span class=\"btn-card text-center\"><button class=\"btn\">Find out more<\/button><\/span><\/span><img decoding=\"async\" loading=\"lazy\" src=\"https:\/\/www.campingdeserrette.com\/wp-content\/uploads\/2021\/09\/Panorama-aerien-camping-Serrette-P.A.-COUMES-56-2.jpg\" alt=\"location emplacement camping Auvergne\"\/><div class=\"card-footer\"><span class=\"desc-card\"><\/span><\/div><\/a><\/div>\n<\/div>\n\n\n\n<div class=\"wp-block-column is-layout-flow wp-block-column-is-layout-flow\" style=\"flex-basis:33.33%\">\n<div class=\"wp-block-create-block-sevgutenberg sev-encart-alt\"><a href=\"https:\/\/www.campingdeserrette.com\/en\/offres-speciales\/\" class=\"sev-encart card\"><span class=\"card-body\"><span class=\"title-card\">Special offers<\/span><span class=\"btn-card text-center\"><button class=\"btn\">Find out more<\/button><\/span><\/span><img decoding=\"async\" loading=\"lazy\" src=\"https:\/\/www.campingdeserrette.com\/wp-content\/uploads\/2021\/09\/icon-specials.png\" alt=\"\"\/><div class=\"card-footer\"><span class=\"desc-card\"><\/span><\/div><\/a><\/div>\n<\/div>\n<\/div>\n<\/div><\/section>","protected":false},"excerpt":{"rendered":"<p>Camping du Puy de D\u00f4me au c\u0153ur des volcans d\u2019Auvergne Bienvenue en Auvergne au camping de Serrette*** dans le Massif du Sancy Afin de garantir le calme et la qui\u00e9tude dans le camping, nous n&rsquo;accueillons aucun groupe. Le camping est ouvert : Notre camping 3 \u00e9toiles du Puy de D\u00f4me est situ\u00e9 sur les hauteurs [&hellip;]<\/p>\n","protected":false},"author":1,"featured_media":0,"parent":0,"menu_order":0,"comment_status":"closed","ping_status":"closed","template":"","meta":{"_seopress_robots_primary_cat":"","_seopress_titles_title":"Camping Auvergne - Puy de D\u00f4me | Lac Chambon","_seopress_titles_desc":"Camping du Puy de D\u00f4me en Auvergne avec vue sur le Lac Chambon. Le CAMPING DE SERRETTE *** avec piscine couverte & chauff\u00e9e","_seopress_robots_index":"","footnotes":""},"class_list":["post-2","page","type-page","status-publish","hentry"],"_links":{"self":[{"href":"https:\/\/www.campingdeserrette.com\/en\/wp-json\/wp\/v2\/pages\/2","targetHints":{"allow":["GET"]}}],"collection":[{"href":"https:\/\/www.campingdeserrette.com\/en\/wp-json\/wp\/v2\/pages"}],"about":[{"href":"https:\/\/www.campingdeserrette.com\/en\/wp-json\/wp\/v2\/types\/page"}],"author":[{"embeddable":true,"href":"https:\/\/www.campingdeserrette.com\/en\/wp-json\/wp\/v2\/users\/1"}],"replies":[{"embeddable":true,"href":"https:\/\/www.campingdeserrette.com\/en\/wp-json\/wp\/v2\/comments?post=2"}],"version-history":[{"count":80,"href":"https:\/\/www.campingdeserrette.com\/en\/wp-json\/wp\/v2\/pages\/2\/revisions"}],"predecessor-version":[{"id":4802,"href":"https:\/\/www.campingdeserrette.com\/en\/wp-json\/wp\/v2\/pages\/2\/revisions\/4802"}],"wp:attachment":[{"href":"https:\/\/www.campingdeserrette.com\/en\/wp-json\/wp\/v2\/media?parent=2"}],"curies":[{"name":"wp","href":"https:\/\/api.w.org\/{rel}","templated":true}]}}